{"id":2526,"date":"2025-07-30T14:07:35","date_gmt":"2025-07-30T12:07:35","guid":{"rendered":"https:\/\/fototour-pacini.com\/?page_id=2526"},"modified":"2025-07-30T14:07:36","modified_gmt":"2025-07-30T12:07:36","slug":"esquerda","status":"publish","type":"page","link":"https:\/\/fototour-pacini.com\/pt\/esquerda\/","title":{"rendered":"esquerda"},"content":{"rendered":"<style>.wp-block-kadence-advancedheading.kt-adv-heading2526_e7d19b-84, .wp-block-kadence-advancedheading.kt-adv-heading2526_e7d19b-84[data-kb-block=\"kb-adv-heading2526_e7d19b-84\"]{font-style:normal;}.wp-block-kadence-advancedheading.kt-adv-heading2526_e7d19b-84 mark.kt-highlight, .wp-block-kadence-advancedheading.kt-adv-heading2526_e7d19b-84[data-kb-block=\"kb-adv-heading2526_e7d19b-84\"] mark.kt-highlight{font-style:normal;color:#f76a0c;-webkit-box-decoration-break:clone;box-decoration-break:clone;padding-top:0px;padding-right:0px;padding-bottom:0px;padding-left:0px;}<\/style>\n<p class=\"kt-adv-heading2526_e7d19b-84 wp-block-kadence-advancedheading\" data-kb-block=\"kb-adv-heading2526_e7d19b-84\"><\/p>\n\n\n\n<div style=\"max-width: 500px; margin: 0 auto; padding: 2rem; font-family: sans-serif; text-align: center;\">\n  <h1 style=\"font-size: 1.8rem; margin-bottom: 1rem;\">\ud83d\udcf8 ISABELA PACINI PHOTOTOUR<\/h1>\n  <p style=\"margin-bottom: 2rem;\">Dein Weg zu meinen aktuellen Fotoreisen:<\/p>\n\n  <a href=\"https:\/\/fototour-pacini.com\/pt\/viagem-fotografica-na-irlanda\/\" target=\"_blank\" style=\"display: block; background-color: #FFD900; color: #000; text-decoration: none; padding: 1rem; margin-bottom: 1rem; border-radius: 10px; font-weight: bold;\">\n    \ud83c\uddee\ud83c\uddea Fotoreise Irland \u2013 Wilde K\u00fcsten &#038; goldenes Licht\n  <\/a>\n\n  <a href=\"https:\/\/fototour-pacini.com\/pt\/viagem-fotografica-na-india\/\" target=\"_blank\" style=\"display: block; background-color: #FFD900; color: #000; text-decoration: none; padding: 1rem; margin-bottom: 1rem; border-radius: 10px; font-weight: bold;\">\n    \ud83c\uddee\ud83c\uddf3 Fotoreise Indien \u2013 Farben, M\u00e4rkte, Magie\n  <\/a>\n\n  <a href=\"https:\/\/fototour-pacini.com\/pt\/viagem-fotografica-no-vietna\/\" target=\"_blank\" style=\"display: block; background-color: #FFD900; color: #000; text-decoration: none; padding: 1rem; margin-bottom: 1rem; border-radius: 10px; font-weight: bold;\">\n    \ud83c\uddfb\ud83c\uddf3 Fotoreise Vietnam \u2013 Nebelberge &#038; Alltagspoeten\n  <\/a>\n\n  <a href=\"https:\/\/fototour-pacini.com\/pt\/contato-photo-tours\/\" target=\"_blank\" style=\"display: block; background-color: #FFD900; color: #000; text-decoration: none; padding: 1rem; margin-bottom: 1rem; border-radius: 10px; font-weight: bold;\">\n    \ud83d\udcac Kontakt &#038; Fragen \u2013 Schreib mir!\n  <\/a>\n\n  <a href=\"https:\/\/fototour-pacini.com\/pt\/#ueber-mich\" target=\"_blank\" style=\"display: block; background-color: #FFD900; color: #000; text-decoration: none; padding: 1rem; margin-bottom: 1rem; border-radius: 10px; font-weight: bold;\">\n    \ud83d\udc64 \u00dcber mich \u2013 Wer dich begleitet\n  <\/a>\n<\/div>","protected":false},"excerpt":{"rendered":"<p>\ud83d\udcf8 ISABELA PACINI PHOTOTOUR Dein Weg zu meinen aktuellen Fotoreisen: \ud83c\uddee\ud83c\uddea Fotoreise Irland \u2013 Wilde K\u00fcsten &#038; goldenes Licht \ud83c\uddee\ud83c\uddf3 Fotoreise Indien \u2013 Farben, M\u00e4rkte, Magie \ud83c\uddfb\ud83c\uddf3 Fotoreise Vietnam \u2013 Nebelberge &#038; Alltagspoeten \ud83d\udcac Kontakt &#038; Fragen \u2013 Schreib mir! \ud83d\udc64 \u00dcber mich \u2013 Wer dich begleitet<\/p>","protected":false},"author":1,"featured_media":0,"parent":0,"menu_order":0,"comment_status":"closed","ping_status":"closed","template":"","meta":{"_kadence_starter_templates_imported_post":false,"_kad_post_transparent":"","_kad_post_title":"","_kad_post_layout":"","_kad_post_sidebar_id":"","_kad_post_content_style":"","_kad_post_vertical_padding":"","_kad_post_feature":"","_kad_post_feature_position":"","_kad_post_header":false,"_kad_post_footer":false,"footnotes":""},"class_list":["post-2526","page","type-page","status-publish","hentry"],"yoast_head":"<!-- This site is optimized with the Yoast SEO plugin v25.6 - https:\/\/yoast.com\/wordpress\/plugins\/seo\/ -->\n<title>links - fototour-pacini.com<\/title>\n<meta name=\"robots\" content=\"index, follow, max-snippet:-1, max-image-preview:large, max-video-preview:-1\" \/>\n<link rel=\"canonical\" href=\"https:\/\/fototour-pacini.com\/pt\/esquerda\/\" \/>\n<meta property=\"og:locale\" content=\"pt_BR\" \/>\n<meta property=\"og:type\" content=\"article\" \/>\n<meta property=\"og:title\" content=\"links - fototour-pacini.com\" \/>\n<meta property=\"og:description\" content=\"\ud83d\udcf8 ISABELA PACINI PHOTOTOUR Dein Weg zu meinen aktuellen Fotoreisen: \ud83c\uddee\ud83c\uddea Fotoreise Irland \u2013 Wilde K\u00fcsten &#038; goldenes Licht \ud83c\uddee\ud83c\uddf3 Fotoreise Indien \u2013 Farben, M\u00e4rkte, Magie \ud83c\uddfb\ud83c\uddf3 Fotoreise Vietnam \u2013 Nebelberge &#038; Alltagspoeten \ud83d\udcac Kontakt &#038; Fragen \u2013 Schreib mir! \ud83d\udc64 \u00dcber mich \u2013 Wer dich begleitet\" \/>\n<meta property=\"og:url\" content=\"https:\/\/fototour-pacini.com\/pt\/esquerda\/\" \/>\n<meta property=\"og:site_name\" content=\"fototour-pacini.com\" \/>\n<meta property=\"article:modified_time\" content=\"2025-07-30T12:07:36+00:00\" \/>\n<meta name=\"twitter:card\" content=\"summary_large_image\" \/>\n<meta name=\"twitter:label1\" content=\"Est. tempo de leitura\" \/>\n\t<meta name=\"twitter:data1\" content=\"1 minuto\" \/>\n<script type=\"application\/ld+json\" class=\"yoast-schema-graph\">{\"@context\":\"https:\/\/schema.org\",\"@graph\":[{\"@type\":\"WebPage\",\"@id\":\"https:\/\/fototour-pacini.com\/links\/\",\"url\":\"https:\/\/fototour-pacini.com\/links\/\",\"name\":\"links - fototour-pacini.com\",\"isPartOf\":{\"@id\":\"https:\/\/fototour-pacini.com\/#website\"},\"datePublished\":\"2025-07-30T12:07:35+00:00\",\"dateModified\":\"2025-07-30T12:07:36+00:00\",\"breadcrumb\":{\"@id\":\"https:\/\/fototour-pacini.com\/links\/#breadcrumb\"},\"inLanguage\":\"pt-BR\",\"potentialAction\":[{\"@type\":\"ReadAction\",\"target\":[\"https:\/\/fototour-pacini.com\/links\/\"]}]},{\"@type\":\"BreadcrumbList\",\"@id\":\"https:\/\/fototour-pacini.com\/links\/#breadcrumb\",\"itemListElement\":[{\"@type\":\"ListItem\",\"position\":1,\"name\":\"Startseite\",\"item\":\"https:\/\/fototour-pacini.com\/\"},{\"@type\":\"ListItem\",\"position\":2,\"name\":\"links\"}]},{\"@type\":\"WebSite\",\"@id\":\"https:\/\/fototour-pacini.com\/#website\",\"url\":\"https:\/\/fototour-pacini.com\/\",\"name\":\"fototour-pacini.com\",\"description\":\"FOTOTOUR weltweit | Individuelle, exklusive Fotoreisen in kleinen Gruppen | F\u00fcr Anf\u00e4nger &amp; Fortgeschrittene \u2013 mit pers\u00f6nlicher Begleitung durch eine preisgekr\u00f6nte Reise- und Bildjournalistin | Fokus auf Bildsprache &amp; Storytelling.\",\"publisher\":{\"@id\":\"https:\/\/fototour-pacini.com\/#\/schema\/person\/c387635d33e1e1f0dc5ff26405c10162\"},\"potentialAction\":[{\"@type\":\"SearchAction\",\"target\":{\"@type\":\"EntryPoint\",\"urlTemplate\":\"https:\/\/fototour-pacini.com\/?s={search_term_string}\"},\"query-input\":{\"@type\":\"PropertyValueSpecification\",\"valueRequired\":true,\"valueName\":\"search_term_string\"}}],\"inLanguage\":\"pt-BR\"},{\"@type\":[\"Person\",\"Organization\"],\"@id\":\"https:\/\/fototour-pacini.com\/#\/schema\/person\/c387635d33e1e1f0dc5ff26405c10162\",\"name\":\"fototour-pacini\",\"image\":{\"@type\":\"ImageObject\",\"inLanguage\":\"pt-BR\",\"@id\":\"https:\/\/fototour-pacini.com\/#\/schema\/person\/image\/\",\"url\":\"https:\/\/fototour-pacini.com\/wp-content\/uploads\/2025\/06\/cropped-LOGO_PHOTOTOUR_2.png\",\"contentUrl\":\"https:\/\/fototour-pacini.com\/wp-content\/uploads\/2025\/06\/cropped-LOGO_PHOTOTOUR_2.png\",\"width\":745,\"height\":298,\"caption\":\"fototour-pacini\"},\"logo\":{\"@id\":\"https:\/\/fototour-pacini.com\/#\/schema\/person\/image\/\"},\"sameAs\":[\"http:\/\/fototour-pacini.com\"]}]}<\/script>\n<!-- \/ Yoast SEO plugin. -->","yoast_head_json":{"title":"links - fototour-pacini.com","robots":{"index":"index","follow":"follow","max-snippet":"max-snippet:-1","max-image-preview":"max-image-preview:large","max-video-preview":"max-video-preview:-1"},"canonical":"https:\/\/fototour-pacini.com\/pt\/esquerda\/","og_locale":"pt_BR","og_type":"article","og_title":"links - fototour-pacini.com","og_description":"\ud83d\udcf8 ISABELA PACINI PHOTOTOUR Dein Weg zu meinen aktuellen Fotoreisen: \ud83c\uddee\ud83c\uddea Fotoreise Irland \u2013 Wilde K\u00fcsten &#038; goldenes Licht \ud83c\uddee\ud83c\uddf3 Fotoreise Indien \u2013 Farben, M\u00e4rkte, Magie \ud83c\uddfb\ud83c\uddf3 Fotoreise Vietnam \u2013 Nebelberge &#038; Alltagspoeten \ud83d\udcac Kontakt &#038; Fragen \u2013 Schreib mir! \ud83d\udc64 \u00dcber mich \u2013 Wer dich begleitet","og_url":"https:\/\/fototour-pacini.com\/pt\/esquerda\/","og_site_name":"fototour-pacini.com","article_modified_time":"2025-07-30T12:07:36+00:00","twitter_card":"summary_large_image","twitter_misc":{"Est. tempo de leitura":"1 minuto"},"schema":{"@context":"https:\/\/schema.org","@graph":[{"@type":"WebPage","@id":"https:\/\/fototour-pacini.com\/links\/","url":"https:\/\/fototour-pacini.com\/links\/","name":"links - fototour-pacini.com","isPartOf":{"@id":"https:\/\/fototour-pacini.com\/#website"},"datePublished":"2025-07-30T12:07:35+00:00","dateModified":"2025-07-30T12:07:36+00:00","breadcrumb":{"@id":"https:\/\/fototour-pacini.com\/links\/#breadcrumb"},"inLanguage":"pt-BR","potentialAction":[{"@type":"ReadAction","target":["https:\/\/fototour-pacini.com\/links\/"]}]},{"@type":"BreadcrumbList","@id":"https:\/\/fototour-pacini.com\/links\/#breadcrumb","itemListElement":[{"@type":"ListItem","position":1,"name":"Startseite","item":"https:\/\/fototour-pacini.com\/"},{"@type":"ListItem","position":2,"name":"links"}]},{"@type":"WebSite","@id":"https:\/\/fototour-pacini.com\/#website","url":"https:\/\/fototour-pacini.com\/","name":"fototour-pacini.com","description":"FOTOTOUR no mundo todo | Passeios fotogr\u00e1ficos individuais e exclusivos em pequenos grupos | Para fot\u00f3grafos iniciantes e avan\u00e7ados - com orienta\u00e7\u00e3o pessoal de um premiado jornalista de viagens e fotografia | Foco na linguagem visual e na narrativa.","publisher":{"@id":"https:\/\/fototour-pacini.com\/#\/schema\/person\/c387635d33e1e1f0dc5ff26405c10162"},"potentialAction":[{"@type":"SearchAction","target":{"@type":"EntryPoint","urlTemplate":"https:\/\/fototour-pacini.com\/?s={search_term_string}"},"query-input":{"@type":"PropertyValueSpecification","valueRequired":true,"valueName":"search_term_string"}}],"inLanguage":"pt-BR"},{"@type":["Person","Organization"],"@id":"https:\/\/fototour-pacini.com\/#\/schema\/person\/c387635d33e1e1f0dc5ff26405c10162","name":"fototour-pacini","image":{"@type":"ImageObject","inLanguage":"pt-BR","@id":"https:\/\/fototour-pacini.com\/#\/schema\/person\/image\/","url":"https:\/\/fototour-pacini.com\/wp-content\/uploads\/2025\/06\/cropped-LOGO_PHOTOTOUR_2.png","contentUrl":"https:\/\/fototour-pacini.com\/wp-content\/uploads\/2025\/06\/cropped-LOGO_PHOTOTOUR_2.png","width":745,"height":298,"caption":"fototour-pacini"},"logo":{"@id":"https:\/\/fototour-pacini.com\/#\/schema\/person\/image\/"},"sameAs":["http:\/\/fototour-pacini.com"]}]}},"_links":{"self":[{"href":"https:\/\/fototour-pacini.com\/pt\/wp-json\/wp\/v2\/pages\/2526","targetHints":{"allow":["GET"]}}],"collection":[{"href":"https:\/\/fototour-pacini.com\/pt\/wp-json\/wp\/v2\/pages"}],"about":[{"href":"https:\/\/fototour-pacini.com\/pt\/wp-json\/wp\/v2\/types\/page"}],"author":[{"embeddable":true,"href":"https:\/\/fototour-pacini.com\/pt\/wp-json\/wp\/v2\/users\/1"}],"replies":[{"embeddable":true,"href":"https:\/\/fototour-pacini.com\/pt\/wp-json\/wp\/v2\/comments?post=2526"}],"version-history":[{"count":0,"href":"https:\/\/fototour-pacini.com\/pt\/wp-json\/wp\/v2\/pages\/2526\/revisions"}],"wp:attachment":[{"href":"https:\/\/fototour-pacini.com\/pt\/wp-json\/wp\/v2\/media?parent=2526"}],"curies":[{"name":"wp","href":"https:\/\/api.w.org\/{rel}","templated":true}]}}