{"id":946,"date":"2023-02-17T15:51:03","date_gmt":"2023-02-17T15:51:03","guid":{"rendered":"https:\/\/library.startertemplatecloud.com\/g19\/?page_id=946"},"modified":"2023-02-17T15:51:03","modified_gmt":"2023-02-17T15:51:03","slug":"blog","status":"publish","type":"page","link":"https:\/\/fototour-pacini.com\/es\/blog\/","title":{"rendered":"Blog"},"content":{"rendered":"","protected":false},"excerpt":{"rendered":"","protected":false},"author":1,"featured_media":0,"parent":0,"menu_order":0,"comment_status":"closed","ping_status":"closed","template":"","meta":{"_kadence_starter_templates_imported_post":true,"_kad_post_transparent":"","_kad_post_title":"","_kad_post_layout":"","_kad_post_sidebar_id":"","_kad_post_content_style":"","_kad_post_vertical_padding":"","_kad_post_feature":"","_kad_post_feature_position":"","_kad_post_header":false,"_kad_post_footer":false,"footnotes":""},"class_list":["post-946","page","type-page","status-publish","hentry"],"yoast_head":"<!-- This site is optimized with the Yoast SEO plugin v25.6 - https:\/\/yoast.com\/wordpress\/plugins\/seo\/ -->\n<title>Blog - fototour-pacini.com<\/title>\n<meta name=\"robots\" content=\"index, follow, max-snippet:-1, max-image-preview:large, max-video-preview:-1\" \/>\n<link rel=\"canonical\" href=\"https:\/\/fototour-pacini.com\/es\/blog\/\" \/>\n<meta property=\"og:locale\" content=\"es_MX\" \/>\n<meta property=\"og:type\" content=\"article\" \/>\n<meta property=\"og:title\" content=\"Blog - fototour-pacini.com\" \/>\n<meta property=\"og:url\" content=\"https:\/\/fototour-pacini.com\/es\/blog\/\" \/>\n<meta property=\"og:site_name\" content=\"fototour-pacini.com\" \/>\n<meta name=\"twitter:card\" content=\"summary_large_image\" \/>\n<script type=\"application\/ld+json\" class=\"yoast-schema-graph\">{\"@context\":\"https:\/\/schema.org\",\"@graph\":[{\"@type\":\"WebPage\",\"@id\":\"https:\/\/fototour-pacini.com\/blog\/\",\"url\":\"https:\/\/fototour-pacini.com\/blog\/\",\"name\":\"Blog - fototour-pacini.com\",\"isPartOf\":{\"@id\":\"https:\/\/fototour-pacini.com\/#website\"},\"datePublished\":\"2023-02-17T15:51:03+00:00\",\"breadcrumb\":{\"@id\":\"https:\/\/fototour-pacini.com\/blog\/#breadcrumb\"},\"inLanguage\":\"es\",\"potentialAction\":[{\"@type\":\"ReadAction\",\"target\":[\"https:\/\/fototour-pacini.com\/blog\/\"]}]},{\"@type\":\"BreadcrumbList\",\"@id\":\"https:\/\/fototour-pacini.com\/blog\/#breadcrumb\",\"itemListElement\":[{\"@type\":\"ListItem\",\"position\":1,\"name\":\"Startseite\",\"item\":\"https:\/\/fototour-pacini.com\/\"},{\"@type\":\"ListItem\",\"position\":2,\"name\":\"Blog\"}]},{\"@type\":\"WebSite\",\"@id\":\"https:\/\/fototour-pacini.com\/#website\",\"url\":\"https:\/\/fototour-pacini.com\/\",\"name\":\"fototour-pacini.com\",\"description\":\"FOTOTOUR weltweit | Individuelle, exklusive Fotoreisen in kleinen Gruppen | F\u00fcr Anf\u00e4nger &amp; Fortgeschrittene \u2013 mit pers\u00f6nlicher Begleitung durch eine preisgekr\u00f6nte Reise- und Bildjournalistin | Fokus auf Bildsprache &amp; Storytelling.\",\"publisher\":{\"@id\":\"https:\/\/fototour-pacini.com\/#\/schema\/person\/c387635d33e1e1f0dc5ff26405c10162\"},\"potentialAction\":[{\"@type\":\"SearchAction\",\"target\":{\"@type\":\"EntryPoint\",\"urlTemplate\":\"https:\/\/fototour-pacini.com\/?s={search_term_string}\"},\"query-input\":{\"@type\":\"PropertyValueSpecification\",\"valueRequired\":true,\"valueName\":\"search_term_string\"}}],\"inLanguage\":\"es\"},{\"@type\":[\"Person\",\"Organization\"],\"@id\":\"https:\/\/fototour-pacini.com\/#\/schema\/person\/c387635d33e1e1f0dc5ff26405c10162\",\"name\":\"fototour-pacini\",\"image\":{\"@type\":\"ImageObject\",\"inLanguage\":\"es\",\"@id\":\"https:\/\/fototour-pacini.com\/#\/schema\/person\/image\/\",\"url\":\"https:\/\/fototour-pacini.com\/wp-content\/uploads\/2025\/06\/cropped-LOGO_PHOTOTOUR_2.png\",\"contentUrl\":\"https:\/\/fototour-pacini.com\/wp-content\/uploads\/2025\/06\/cropped-LOGO_PHOTOTOUR_2.png\",\"width\":745,\"height\":298,\"caption\":\"fototour-pacini\"},\"logo\":{\"@id\":\"https:\/\/fototour-pacini.com\/#\/schema\/person\/image\/\"},\"sameAs\":[\"http:\/\/fototour-pacini.com\"]}]}<\/script>\n<!-- \/ Yoast SEO plugin. -->","yoast_head_json":{"title":"Blog - fototour-pacini.es","robots":{"index":"index","follow":"follow","max-snippet":"max-snippet:-1","max-image-preview":"max-image-preview:large","max-video-preview":"max-video-preview:-1"},"canonical":"https:\/\/fototour-pacini.com\/es\/blog\/","og_locale":"es_MX","og_type":"article","og_title":"Blog - fototour-pacini.com","og_url":"https:\/\/fototour-pacini.com\/es\/blog\/","og_site_name":"fototour-pacini.com","twitter_card":"summary_large_image","schema":{"@context":"https:\/\/schema.org","@graph":[{"@type":"WebPage","@id":"https:\/\/fototour-pacini.com\/blog\/","url":"https:\/\/fototour-pacini.com\/blog\/","name":"Blog - fototour-pacini.es","isPartOf":{"@id":"https:\/\/fototour-pacini.com\/#website"},"datePublished":"2023-02-17T15:51:03+00:00","breadcrumb":{"@id":"https:\/\/fototour-pacini.com\/blog\/#breadcrumb"},"inLanguage":"es","potentialAction":[{"@type":"ReadAction","target":["https:\/\/fototour-pacini.com\/blog\/"]}]},{"@type":"BreadcrumbList","@id":"https:\/\/fototour-pacini.com\/blog\/#breadcrumb","itemListElement":[{"@type":"ListItem","position":1,"name":"Startseite","item":"https:\/\/fototour-pacini.com\/"},{"@type":"ListItem","position":2,"name":"Blog"}]},{"@type":"WebSite","@id":"https:\/\/fototour-pacini.com\/#website","url":"https:\/\/fototour-pacini.com\/","name":"fototour-pacini.es","description":"FOTOTOUR en todo el mundo | Viajes fotogr\u00e1ficos individuales y exclusivos en grupos reducidos | Para fot\u00f3grafos principiantes y avanzados - con la orientaci\u00f3n personal de un galardonado periodista de viajes y fotograf\u00eda | Centrados en el lenguaje visual y la narraci\u00f3n de historias.","publisher":{"@id":"https:\/\/fototour-pacini.com\/#\/schema\/person\/c387635d33e1e1f0dc5ff26405c10162"},"potentialAction":[{"@type":"SearchAction","target":{"@type":"EntryPoint","urlTemplate":"https:\/\/fototour-pacini.com\/?s={search_term_string}"},"query-input":{"@type":"PropertyValueSpecification","valueRequired":true,"valueName":"search_term_string"}}],"inLanguage":"es"},{"@type":["Person","Organization"],"@id":"https:\/\/fototour-pacini.com\/#\/schema\/person\/c387635d33e1e1f0dc5ff26405c10162","name":"fototour-pacini","image":{"@type":"ImageObject","inLanguage":"es","@id":"https:\/\/fototour-pacini.com\/#\/schema\/person\/image\/","url":"https:\/\/fototour-pacini.com\/wp-content\/uploads\/2025\/06\/cropped-LOGO_PHOTOTOUR_2.png","contentUrl":"https:\/\/fototour-pacini.com\/wp-content\/uploads\/2025\/06\/cropped-LOGO_PHOTOTOUR_2.png","width":745,"height":298,"caption":"fototour-pacini"},"logo":{"@id":"https:\/\/fototour-pacini.com\/#\/schema\/person\/image\/"},"sameAs":["http:\/\/fototour-pacini.com"]}]}},"_links":{"self":[{"href":"https:\/\/fototour-pacini.com\/es\/wp-json\/wp\/v2\/pages\/946","targetHints":{"allow":["GET"]}}],"collection":[{"href":"https:\/\/fototour-pacini.com\/es\/wp-json\/wp\/v2\/pages"}],"about":[{"href":"https:\/\/fototour-pacini.com\/es\/wp-json\/wp\/v2\/types\/page"}],"author":[{"embeddable":true,"href":"https:\/\/fototour-pacini.com\/es\/wp-json\/wp\/v2\/users\/1"}],"replies":[{"embeddable":true,"href":"https:\/\/fototour-pacini.com\/es\/wp-json\/wp\/v2\/comments?post=946"}],"version-history":[{"count":0,"href":"https:\/\/fototour-pacini.com\/es\/wp-json\/wp\/v2\/pages\/946\/revisions"}],"wp:attachment":[{"href":"https:\/\/fototour-pacini.com\/es\/wp-json\/wp\/v2\/media?parent=946"}],"curies":[{"name":"wp","href":"https:\/\/api.w.org\/{rel}","templated":true}]}}